{"id":88306,"date":"2021-03-27T20:05:28","date_gmt":"2021-03-27T19:05:28","guid":{"rendered":"https:\/\/www.tiporenesansa.com\/?post_type=product&#038;p=88306"},"modified":"2023-07-28T13:29:23","modified_gmt":"2023-07-28T12:29:23","slug":"ljubljana-dragon-sketchbook","status":"publish","type":"product","link":"https:\/\/www.tiporenesansa.com\/sl\/shop\/ljubljana-dragon-sketchbook\/","title":{"rendered":"Ljubljana Dragon Sketchbook"},"content":{"rendered":"<ul>\n<li>Izvirni znak iz 1\/2 20. stol.<\/li>\n<li><\/li>\n<li>Cover hand printed with copper hot foil<\/li>\n<li>Cover handbind with fabric<\/li>\n<li>Machine stitched<\/li>\n<li>90g paper (FSC certified)<\/li>\n<li>128 unruled pages<\/li>\n<\/ul>\n","protected":false},"excerpt":{"rendered":"<p><u>Motiv<\/u> na naslovnici je za Ljubljano tako zna\u010dilen zmaj in grajsko obzidje z je\u010do. Znak je v 70-ih prej\u0161njega stoletja oblikoval arhitekt Boris Kobe in je bil uradni grb mesta Ljubljane. Izvirnik hranimo v na\u0161i zbirki.<\/p>\n<p><u>O skicirki<\/u>:<br \/>\n&#8220;<em>Naredite nam skicirko, ki jo lahko nosimo v \u017eepu, je skoraj neuni\u010dljiva, tudi \u010de jo popolnoma odpremo in po njej lahko z najve\u010djim u\u017eitkom skiciramo s svin\u010dnikom, nalivnikom, flomastrom ali pa kulijem.<\/em>&#8221;<\/p>\n<p>Pa smo jo. Je nujna vsakodnevna oprema za vsakega ljubitelja portretnega ali landscape \u010de\u010dkanja, ki je postala klasika studia tipoRenesansa.\u00a0128 strani popolnega u\u017eitka.<\/p>\n","protected":false},"featured_media":88241,"template":"","meta":[],"product_brand":[],"product_cat":[16,28],"product_tag":[33,34,87,168,169,170,171],"class_list":{"0":"post-88306","1":"product","2":"type-product","3":"status-publish","4":"has-post-thumbnail","6":"product_cat-notebooks","7":"product_cat-stationery","8":"product_tag-sketchbook","9":"product_tag-notebook","10":"product_tag-black","11":"product_tag-copper","12":"product_tag-ljubljana","13":"product_tag-dragon","14":"product_tag-coat-of-arms","16":"first","17":"instock","18":"shipping-taxable","19":"purchasable","20":"product-type-simple"},"jetpack_sharing_enabled":true,"_links":{"self":[{"href":"https:\/\/www.tiporenesansa.com\/sl\/wp-json\/wp\/v2\/product\/88306","targetHints":{"allow":["GET"]}}],"collection":[{"href":"https:\/\/www.tiporenesansa.com\/sl\/wp-json\/wp\/v2\/product"}],"about":[{"href":"https:\/\/www.tiporenesansa.com\/sl\/wp-json\/wp\/v2\/types\/product"}],"wp:featuredmedia":[{"embeddable":true,"href":"https:\/\/www.tiporenesansa.com\/sl\/wp-json\/wp\/v2\/media\/88241"}],"wp:attachment":[{"href":"https:\/\/www.tiporenesansa.com\/sl\/wp-json\/wp\/v2\/media?parent=88306"}],"wp:term":[{"taxonomy":"product_brand","embeddable":true,"href":"https:\/\/www.tiporenesansa.com\/sl\/wp-json\/wp\/v2\/product_brand?post=88306"},{"taxonomy":"product_cat","embeddable":true,"href":"https:\/\/www.tiporenesansa.com\/sl\/wp-json\/wp\/v2\/product_cat?post=88306"},{"taxonomy":"product_tag","embeddable":true,"href":"https:\/\/www.tiporenesansa.com\/sl\/wp-json\/wp\/v2\/product_tag?post=88306"}],"curies":[{"name":"wp","href":"https:\/\/api.w.org\/{rel}","templated":true}]}}